{"id":223,"date":"2026-03-25T17:59:35","date_gmt":"2026-03-25T17:59:35","guid":{"rendered":"https:\/\/www.giorato.it\/?page_id=223"},"modified":"2026-03-25T17:59:37","modified_gmt":"2026-03-25T17:59:37","slug":"informativa-privacy","status":"publish","type":"page","link":"https:\/\/www.giorato.it\/?page_id=223","title":{"rendered":"Informativa Privacy"},"content":{"rendered":"\n<h3 class=\"wp-block-heading\">1. Titolare del Trattamento<\/h3>\n\n\n\n<p>Il Titolare del trattamento dei dati \u00e8 <strong>GIORATO S.N.C. DI GIORATO STEFANO E ROBERTO<\/strong>, con sede legale in <strong><strong>VIA CAVINELLO OVEST 48 &#8211; 30030 &#8211; PIANIGA (VE)<\/strong><\/strong>, P.IVA <strong><strong>IT03863150276<\/strong><\/strong>.<\/p>\n\n\n\n<p>Email di contatto: <strong><a href=\"mailto:info@giorato.it\">info@giorato.it<\/a><\/strong><\/p>\n\n\n\n<h3 class=\"wp-block-heading\">2. Tipologia di Dati Trattati e Finalit\u00e0<\/h3>\n\n\n\n<p>Nonostante il sito non utilizzi moduli di contatto o sistemi di tracciamento (cookie), il server su cui \u00e8 ospitato il sito raccoglie automaticamente alcuni dati necessari per il funzionamento e la sicurezza:<\/p>\n\n\n\n<ul class=\"wp-block-list\">\n<li><strong>Log di Sistema:<\/strong> Durante la navigazione, vengono acquisiti dati tecnici come l&#8217;indirizzo IP, il tipo di browser, i parametri del dispositivo e l&#8217;orario della visita. Questi dati sono trattati esclusivamente per garantire la sicurezza del sito e prevenire frodi o attacchi informatici (Base giuridica: <em>Legittimo interesse del Titolare<\/em>).<br><\/li>\n\n\n\n<li><strong>Dati forniti volontariamente:<\/strong> Se decidi di contattarci tramite gli indirizzi email o i numeri di telefono indicati sul sito, i dati che ci invierai (es. il tuo indirizzo email o il tuo nome) saranno utilizzati solo per rispondere alla tua richiesta (Base giuridica: <em>Esecuzione di misure precontrattuali o contrattuali<\/em>).<\/li>\n<\/ul>\n\n\n\n<h3 class=\"wp-block-heading\">3. Cookie<\/h3>\n\n\n\n<p>Questo sito <strong>non utilizza alcun tipo di cookie<\/strong>: n\u00e9 tecnici, n\u00e9 analitici, n\u00e9 di profilazione (propria o di terze parti). Non viene effettuato alcun tracciamento dell&#8217;utente.<\/p>\n\n\n\n<h3 class=\"wp-block-heading\">4. Luogo del Trattamento e Trasferimento Dati<\/h3>\n\n\n\n<p>I dati tecnici (log) sono conservati presso i server del fornitore del servizio OVH, situati all&#8217;interno dell&#8217;Unione Europea. Non avviene alcun trasferimento di dati verso paesi extra-UE.<\/p>\n\n\n\n<h3 class=\"wp-block-heading\">5. Periodo di Conservazione<\/h3>\n\n\n\n<ul class=\"wp-block-list\">\n<li>I <strong>Log di sistema<\/strong> vengono cancellati automaticamente dopo un breve periodo (30 giorni), salvo necessit\u00e0 di accertamento di reati da parte dell&#8217;Autorit\u00e0 giudiziaria.<\/li>\n\n\n\n<li>I <strong>Dati inviati via email<\/strong> saranno conservati per il tempo strettamente necessario a gestire la tua richiesta o secondo quanto previsto dagli obblighi di legge (es. conservazione fatture).<\/li>\n<\/ul>\n\n\n\n<h3 class=\"wp-block-heading\">6. Diritti dell&#8217;Interessato<\/h3>\n\n\n\n<p>Ai sensi del GDPR (Artt. 15-22), hai il diritto di richiedere l&#8217;accesso ai tuoi dati, la rettifica, la cancellazione o la limitazione del trattamento. Puoi esercitare questi diritti scrivendo a: <strong><strong><a href=\"mailto:info@giorato.it\">info@giorato.it<\/a><\/strong><\/strong>. Hai inoltre il diritto di proporre reclamo al Garante per la Protezione dei Dati Personali (www.garanteprivacy.it).<\/p>\n\n\n\n<p><\/p>\n","protected":false},"excerpt":{"rendered":"<p>1. Titolare del Trattamento Il Titolare del trattamento dei dati \u00e8 GIORATO S.N.C. DI GIORATO STEFANO E ROBERTO, con sede legale in VIA CAVINELLO OVEST 48 &#8211; 30030 &#8211; PIANIGA (VE), P.IVA IT03863150276. Email di contatto: info@giorato.it 2. Tipologia di Dati Trattati e Finalit\u00e0 Nonostante il sito non utilizzi moduli&#8230;<\/p>\n","protected":false},"author":1,"featured_media":0,"parent":0,"menu_order":0,"comment_status":"closed","ping_status":"closed","template":"","meta":{"footnotes":""},"class_list":["post-223","page","type-page","status-publish","hentry"],"yoast_head":"<!-- This site is optimized with the Yoast SEO plugin v27.5 - https:\/\/yoast.com\/product\/yoast-seo-wordpress\/ -->\n<title>Informativa Privacy &#8212; Giorato SNC<\/title>\n<meta name=\"robots\" content=\"index, follow, max-snippet:-1, max-image-preview:large, max-video-preview:-1\" \/>\n<link rel=\"canonical\" href=\"https:\/\/www.giorato.it\/?page_id=223\" \/>\n<meta property=\"og:locale\" content=\"it_IT\" \/>\n<meta property=\"og:type\" content=\"article\" \/>\n<meta property=\"og:title\" content=\"Informativa Privacy &#8212; Giorato SNC\" \/>\n<meta property=\"og:description\" content=\"1. Titolare del Trattamento Il Titolare del trattamento dei dati \u00e8 GIORATO S.N.C. DI GIORATO STEFANO E ROBERTO, con sede legale in VIA CAVINELLO OVEST 48 &#8211; 30030 &#8211; PIANIGA (VE), P.IVA IT03863150276. Email di contatto: info@giorato.it 2. Tipologia di Dati Trattati e Finalit\u00e0 Nonostante il sito non utilizzi moduli...\" \/>\n<meta property=\"og:url\" content=\"https:\/\/www.giorato.it\/?page_id=223\" \/>\n<meta property=\"og:site_name\" content=\"Giorato SNC\" \/>\n<meta property=\"article:modified_time\" content=\"2026-03-25T17:59:37+00:00\" \/>\n<meta name=\"twitter:label1\" content=\"Tempo di lettura stimato\" \/>\n\t<meta name=\"twitter:data1\" content=\"2 minuti\" \/>\n<script type=\"application\/ld+json\" class=\"yoast-schema-graph\">{\"@context\":\"https:\\\/\\\/schema.org\",\"@graph\":[{\"@type\":\"WebPage\",\"@id\":\"https:\\\/\\\/www.giorato.it\\\/?page_id=223\",\"url\":\"https:\\\/\\\/www.giorato.it\\\/?page_id=223\",\"name\":\"Informativa Privacy &#8212; Giorato SNC\",\"isPartOf\":{\"@id\":\"https:\\\/\\\/www.giorato.it\\\/#website\"},\"datePublished\":\"2026-03-25T17:59:35+00:00\",\"dateModified\":\"2026-03-25T17:59:37+00:00\",\"breadcrumb\":{\"@id\":\"https:\\\/\\\/www.giorato.it\\\/?page_id=223#breadcrumb\"},\"inLanguage\":\"it-IT\",\"potentialAction\":[{\"@type\":\"ReadAction\",\"target\":[\"https:\\\/\\\/www.giorato.it\\\/?page_id=223\"]}]},{\"@type\":\"BreadcrumbList\",\"@id\":\"https:\\\/\\\/www.giorato.it\\\/?page_id=223#breadcrumb\",\"itemListElement\":[{\"@type\":\"ListItem\",\"position\":1,\"name\":\"Home\",\"item\":\"https:\\\/\\\/www.giorato.it\\\/\"},{\"@type\":\"ListItem\",\"position\":2,\"name\":\"Informativa Privacy\"}]},{\"@type\":\"WebSite\",\"@id\":\"https:\\\/\\\/www.giorato.it\\\/#website\",\"url\":\"https:\\\/\\\/www.giorato.it\\\/\",\"name\":\"Giorato SNC\",\"description\":\"Carpenteria Metallica\",\"publisher\":{\"@id\":\"https:\\\/\\\/www.giorato.it\\\/#organization\"},\"potentialAction\":[{\"@type\":\"SearchAction\",\"target\":{\"@type\":\"EntryPoint\",\"urlTemplate\":\"https:\\\/\\\/www.giorato.it\\\/?s={search_term_string}\"},\"query-input\":{\"@type\":\"PropertyValueSpecification\",\"valueRequired\":true,\"valueName\":\"search_term_string\"}}],\"inLanguage\":\"it-IT\"},{\"@type\":\"Organization\",\"@id\":\"https:\\\/\\\/www.giorato.it\\\/#organization\",\"name\":\"Giorato SNC\",\"url\":\"https:\\\/\\\/www.giorato.it\\\/\",\"logo\":{\"@type\":\"ImageObject\",\"inLanguage\":\"it-IT\",\"@id\":\"https:\\\/\\\/www.giorato.it\\\/#\\\/schema\\\/logo\\\/image\\\/\",\"url\":\"https:\\\/\\\/i0.wp.com\\\/www.giorato.it\\\/wp-content\\\/uploads\\\/2015\\\/05\\\/logo.png?fit=636%2C96&ssl=1\",\"contentUrl\":\"https:\\\/\\\/i0.wp.com\\\/www.giorato.it\\\/wp-content\\\/uploads\\\/2015\\\/05\\\/logo.png?fit=636%2C96&ssl=1\",\"width\":636,\"height\":96,\"caption\":\"Giorato SNC\"},\"image\":{\"@id\":\"https:\\\/\\\/www.giorato.it\\\/#\\\/schema\\\/logo\\\/image\\\/\"}}]}<\/script>\n<!-- \/ Yoast SEO plugin. -->","yoast_head_json":{"title":"Informativa Privacy &#8212; Giorato SNC","robots":{"index":"index","follow":"follow","max-snippet":"max-snippet:-1","max-image-preview":"max-image-preview:large","max-video-preview":"max-video-preview:-1"},"canonical":"https:\/\/www.giorato.it\/?page_id=223","og_locale":"it_IT","og_type":"article","og_title":"Informativa Privacy &#8212; Giorato SNC","og_description":"1. Titolare del Trattamento Il Titolare del trattamento dei dati \u00e8 GIORATO S.N.C. DI GIORATO STEFANO E ROBERTO, con sede legale in VIA CAVINELLO OVEST 48 &#8211; 30030 &#8211; PIANIGA (VE), P.IVA IT03863150276. Email di contatto: info@giorato.it 2. Tipologia di Dati Trattati e Finalit\u00e0 Nonostante il sito non utilizzi moduli...","og_url":"https:\/\/www.giorato.it\/?page_id=223","og_site_name":"Giorato SNC","article_modified_time":"2026-03-25T17:59:37+00:00","twitter_misc":{"Tempo di lettura stimato":"2 minuti"},"schema":{"@context":"https:\/\/schema.org","@graph":[{"@type":"WebPage","@id":"https:\/\/www.giorato.it\/?page_id=223","url":"https:\/\/www.giorato.it\/?page_id=223","name":"Informativa Privacy &#8212; Giorato SNC","isPartOf":{"@id":"https:\/\/www.giorato.it\/#website"},"datePublished":"2026-03-25T17:59:35+00:00","dateModified":"2026-03-25T17:59:37+00:00","breadcrumb":{"@id":"https:\/\/www.giorato.it\/?page_id=223#breadcrumb"},"inLanguage":"it-IT","potentialAction":[{"@type":"ReadAction","target":["https:\/\/www.giorato.it\/?page_id=223"]}]},{"@type":"BreadcrumbList","@id":"https:\/\/www.giorato.it\/?page_id=223#breadcrumb","itemListElement":[{"@type":"ListItem","position":1,"name":"Home","item":"https:\/\/www.giorato.it\/"},{"@type":"ListItem","position":2,"name":"Informativa Privacy"}]},{"@type":"WebSite","@id":"https:\/\/www.giorato.it\/#website","url":"https:\/\/www.giorato.it\/","name":"Giorato SNC","description":"Carpenteria Metallica","publisher":{"@id":"https:\/\/www.giorato.it\/#organization"},"potentialAction":[{"@type":"SearchAction","target":{"@type":"EntryPoint","urlTemplate":"https:\/\/www.giorato.it\/?s={search_term_string}"},"query-input":{"@type":"PropertyValueSpecification","valueRequired":true,"valueName":"search_term_string"}}],"inLanguage":"it-IT"},{"@type":"Organization","@id":"https:\/\/www.giorato.it\/#organization","name":"Giorato SNC","url":"https:\/\/www.giorato.it\/","logo":{"@type":"ImageObject","inLanguage":"it-IT","@id":"https:\/\/www.giorato.it\/#\/schema\/logo\/image\/","url":"https:\/\/i0.wp.com\/www.giorato.it\/wp-content\/uploads\/2015\/05\/logo.png?fit=636%2C96&ssl=1","contentUrl":"https:\/\/i0.wp.com\/www.giorato.it\/wp-content\/uploads\/2015\/05\/logo.png?fit=636%2C96&ssl=1","width":636,"height":96,"caption":"Giorato SNC"},"image":{"@id":"https:\/\/www.giorato.it\/#\/schema\/logo\/image\/"}}]}},"jetpack_sharing_enabled":true,"_links":{"self":[{"href":"https:\/\/www.giorato.it\/index.php?rest_route=\/wp\/v2\/pages\/223","targetHints":{"allow":["GET"]}}],"collection":[{"href":"https:\/\/www.giorato.it\/index.php?rest_route=\/wp\/v2\/pages"}],"about":[{"href":"https:\/\/www.giorato.it\/index.php?rest_route=\/wp\/v2\/types\/page"}],"author":[{"embeddable":true,"href":"https:\/\/www.giorato.it\/index.php?rest_route=\/wp\/v2\/users\/1"}],"replies":[{"embeddable":true,"href":"https:\/\/www.giorato.it\/index.php?rest_route=%2Fwp%2Fv2%2Fcomments&post=223"}],"version-history":[{"count":1,"href":"https:\/\/www.giorato.it\/index.php?rest_route=\/wp\/v2\/pages\/223\/revisions"}],"predecessor-version":[{"id":229,"href":"https:\/\/www.giorato.it\/index.php?rest_route=\/wp\/v2\/pages\/223\/revisions\/229"}],"wp:attachment":[{"href":"https:\/\/www.giorato.it\/index.php?rest_route=%2Fwp%2Fv2%2Fmedia&parent=223"}],"curies":[{"name":"wp","href":"https:\/\/api.w.org\/{rel}","templated":true}]}}